{"id":2053,"date":"2019-03-16T13:26:01","date_gmt":"2019-03-16T13:26:01","guid":{"rendered":"http:\/\/swisscoderdojo.org\/?page_id=2053"},"modified":"2020-04-10T14:25:58","modified_gmt":"2020-04-10T14:25:58","slug":"verein-coderdojo-zug-privacy-policy","status":"publish","type":"page","link":"https:\/\/swisscoderdojo.org\/de\/verein-coderdojo-zug-privacy-policy","title":{"rendered":"Datenschutz Richtlinien"},"content":{"rendered":"\n<h2>Wer sind wir?<\/h2>\n\n\n\n<p> CoderDojo ist eine globale Initiative von Freiwilligen die in Ihrer Umgebung kostenlose Programmier Clubs f\u00fcr Jugendliche leiten.<br>Kinder und Jugendlichen zwischen sieben und siebzehn Jahren k\u00f6nnen lernen zu programmieren, wie man eine Website baut, wie man eine Applikation oder ein Spiel entwickelt und k\u00f6nnen Technologie in einem informellen, kreativen und sozialen Umfeld entdecken. <\/p>\n\n\n\n<p>Der Verein CoderDojo Zug unterst\u00fctzt diesen Zweck mit der Organisation von Veranstaltungen f\u00fcr Kinder im Kanton Zug. Der Verein CoderDojo Zug ist als Verein organisiert und im Handelsregister eingetragen.<\/p>\n\n\n\n<p>Unsere Website ist: <a href=\"http:\/\/swisscoderdojo.org\">http:\/\/swisscoderdojo.org<\/a>.<\/p>\n\n\n\n<h2>Einf\u00fchrung<\/h2>\n\n\n\n<p>Beim Verein CoderDojo Zug legen wir Wert auf Ihre Privatsph\u00e4re und wir wissen es zu sch\u00e4tzen, wie Ihre pers\u00f6nlichen Daten verwendet und weitergegeben werden. Wir nehmen die Verantwortung f\u00fcr den Schutz Ihrer Daten ernst. Auf dieser Seite erhalten Sie detaillierte Informationen dar\u00fcber, wie wir Ihre Informationen durch die Nutzung unserer Website erfassen und verarbeiten. Wir erheben und verwenden personenbezogene Daten nur in der hier beschriebenen Weise und in einer Weise, die mit unseren Verpflichtungen und Ihren Rechten nach schweizerischem und EU-Recht in Einklang steht.<\/p>\n\n\n\n<p>Wenn Sie mit der Erfassung und Verwendung Ihrer Daten nicht einverstanden sind, teilen Sie uns dies bitte mit, damit wir jegliches Problem f\u00fcr Sie l\u00f6sen k\u00f6nnen. Es ist uns wichtig, dass die Informationen, die wir \u00fcber Sie speichern, korrekt und auf dem neuesten Stand sind. Mit der Anmeldung f\u00fcr und \/ oder der Teilnahme an einer unserer Veranstaltungen akzeptieren Sie diese Datenschutzrichtlinie und stimmen der Verwendung Ihrer personenbezogenen Daten auf die unten beschriebene Weise ausdr\u00fccklich zu.<\/p>\n\n\n\n<p>Indem Sie uns Ihre Daten zur Verf\u00fcgung stellen, versichern Sie uns, dass Sie \u00fcber 18 Jahre alt sind und Eltern oder Erziehungsberechtigter von Personen sind, die unter 18 Jahren an einer unserer Veranstaltungen teilnehmen. Wir verlangen, dass niemand unter 18 Jahren uns personenbezogene Daten zur Verf\u00fcgung stellt.<\/p>\n\n\n\n<h2>Welche Daten erheben wir \u00fcber Sie?<\/h2>\n\n\n\n<p>Wir k\u00f6nnen Informationen sammeln und speichern, die folgende Informationen \u00fcber Sie enthalten, ohne darauf beschr\u00e4nkt zu sein:<\/p>\n\n\n\n<ul><li>Ihren Titel<\/li><li>Ihren Namen<\/li><li>Telefonnummer<\/li><li>E-Mail Adresse<\/li><li>Name des Kindes<\/li><li>Geschlecht ihres Kindes (weiblich\/m\u00e4nnlich)<\/li><li>Alter des Kindes und Schulstufe<\/li><\/ul>\n\n\n\n<p>Der Verein CoderDojo Zug speichert Ihre Daten in einer sicheren, vertraulichen und sicheren Umgebung. Wir werden Ihre personenbezogenen Daten niemals zu Marketingzwecken an Dritte verkaufen, vermieten oder weitergeben.<\/p>\n\n\n\n<h2>Wie sammeln wir Ihre pers\u00f6nlichen Daten?<\/h2>\n\n\n\n<p>Wir erfassen Daten \u00fcber Sie auf verschiedene Arten, unter anderem:<\/p>\n\n\n\n<ul><li>Sie k\u00f6nnen uns Daten \u00fcbermitteln, indem Sie Formulare auf unserer Website ausf\u00fcllen, indem Sie sich mit uns per Post, Telefon oder E-Mail in Verbindung setzen. Wenn Sie uns \u00fcber unser Website-Kontaktformular kontaktieren, werden wir Ihre Daten so behandeln, wie wir alle anderen gesammelten Daten behandeln und nur so lange aufbewahren, bis wir Ihre Anfrage gel\u00f6st haben.<\/li><li>Automatisierte Technologien oder Interaktionen: Bei der Nutzung unserer Website erfassen wir m\u00f6glicherweise automatisch technische Daten \u00fcber Ihre Ausr\u00fcstung, Browsing-Aktionen und Nutzungsmuster. Wir erheben diese Daten mithilfe von Cookies, Serverprotokollen und \u00e4hnlichen Technologien. Wir erhalten m\u00f6glicherweise auch technische Daten \u00fcber Sie, wenn Sie andere Websites besuchen, die unsere Cookies verwenden. <\/li><\/ul>\n\n\n\n<h2>Wie verwenden wir Ihre personenbezogenen Daten?<\/h2>\n\n\n\n<p>Wir werden Ihre personenbezogenen Daten nur dann verwenden, wenn wir Sie \u00fcber bevorstehende Veranstaltungen informieren m\u00fcssen. Sie haben das Recht, diese Einwilligung jederzeit durch eine E-Mail an  <br><a href=\"mailto:contact@swisscoderdojo.org\">contact@swisscoderdojo.org<\/a>  zu widerrufen. Wir verwenden Ihre personenbezogenen Daten nur um:<\/p>\n\n\n\n<ul><li>Auf Ihre E-Mails zu antworten.<\/li><li>Sie per E-Mail, Telefon oder Post mit Informationen und Neuigkeiten zu unseren Veranstaltungen zu kontaktieren.<\/li><li>Wir senden Ihnen jedoch keine unaufgeforderten Werbemassnahmen zu, die nicht mit CoderDojo-Veranstaltungen in Verbindung stehen, und ergreifen alle angemessenen Schritte, um sicherzustellen, dass wir Ihre Rechte umfassend sch\u00fctzen und unsere Verpflichtungen aus dem schweizerischen Recht und der DSGVO sowie den Datenschutz- und elektronischen Kommunikation (EG-Richtlinie)  Verordnungen von 2003 einhalten (Privacy and Electronic Communications (EC Directive) Regulations 2003 ).<\/li><\/ul>\n\n\n\n<p>Sie haben das Recht, Ihre Einwilligung zur Verwendung Ihrer personenbezogenen Daten jederzeit zu widerrufen und die L\u00f6schung Ihrere Daten zu verlangen.<\/p>\n\n\n\n<h2>Datensicherheit<\/h2>\n\n\n\n<p>Wir haben geeignete Sicherheitsmassnahmen getroffen, um zu verhindern, dass Ihre personenbezogenen Daten versehentlich verloren gehen, verwendet oder auf unbefugte Weise abgerufen, ver\u00e4ndert oder weitergegeben werden. Dar\u00fcber hinaus beschr\u00e4nken wir den Zugriff auf Ihre pers\u00f6nlichen Daten auf Freiwillige des Vereins, die solche Daten ben\u00f6tigen. Die Freiwilligen verarbeiten Ihre personenbezogenen Daten nur nach unseren Anweisungen und unterliegen der Geheimhaltungspflicht.<\/p>\n\n\n\n<p>Wir haben ein Verfahren f\u00fcr den Umgang mit mutmasslichen Verst\u00f6ssen gegen personenbezogene Daten eingerichtet und werden Sie und alle zust\u00e4ndigen Aufsichtsbeh\u00f6rden \u00fcber einen Verstoss informieren, wenn wir gesetzlich dazu verpflichtet sind.<\/p>\n\n\n\n<h2>Aufbewahrung Ihrer Daten<\/h2>\n\n\n\n<p>Wir werden Ihre personenbezogenen Daten nur so lange aufbewahren, wie es f\u00fcr die Zwecke erforderlich ist, f\u00fcr die wir sie erhoben haben. Dies gilt f\u00fcr die Dauer der Registrierung f\u00fcr das jeweilige Dojo, f\u00fcr das Sie sich anmelden, und bis einer Woche nach Ende der Veranstaltung. Wenn Sie ausdr\u00fccklich darum bitten, dass wir Ihre Daten aufbewahren, damit wir Sie \u00fcber zuk\u00fcnftige Dojos kontaktieren k\u00f6nnen, werden wir Ihre Best\u00e4tigung schriftlich verlangen.<\/p>\n\n\n\n<h2>Ihre gesetzlichen Rechte<\/h2>\n\n\n\n<p>Sie haben auf Datenschutz bezogene Rechte in Bezug auf Ihre pers\u00f6nlichen Daten. Dazu geh\u00f6ren das Recht auf:<\/p>\n\n\n\n<ul><li>Den Zugang zu Ihren pers\u00f6nlichen Daten.<\/li><li>Sie k\u00f6nnen die Korrektur Ihrer pers\u00f6nlichen Daten fordern.<\/li><li>Sie  k\u00f6nnen die L\u00f6schung Ihrer pers\u00f6nlichen Daten fordern.<\/li><li> Sie k\u00f6nnen gegen die Verarbeitung Ihrer pers\u00f6nlichen Daten untersagen.<\/li><li> Sie k\u00f6nnen verlangen die Verarbeitung Ihrer pers\u00f6nlichen Daten einzuschr\u00e4nken.<\/li><li> Sie k\u00f6nnen die \u00dcbermittlung Ihrer pers\u00f6nlichen Daten verlangen<\/li><li> Sie haben das Widerrufsrecht<\/li><\/ul>\n\n\n\n<p>Wir versuchen, alle legitimen Anfragen innerhalb eines Monats zu beantworten.  <\/p>\n\n\n\n<h2>Verkn\u00fcpfungen zu Drittanbietern<\/h2>\n\n\n\n<p>Unsere Website kann Verkn\u00fcpfungen (Links) zu Websites, Plug-Ins und Anwendungen von Drittanbietern enthalten. Wenn Sie auf diese Links klicken oder diese Verbindungen aktivieren, k\u00f6nnen Dritte Daten \u00fcber Sie sammeln oder weitergeben. Wir kontrollieren diese Websites von Drittanbietern nicht und sind nicht f\u00fcr deren Datenschutzerkl\u00e4rungen verantwortlich. Wenn Sie unsere Website verlassen, empfehlen wir Ihnen, die Datenschutzhinweise jeder von Ihnen besuchten Website zu lesen.<\/p>\n\n\n\n<h2>Cookies<\/h2>\n\n\n\n<ul><li>Ein &#8220;Cookie&#8221; ist eine Information, die auf der Festplatte Ihres Computers gespeichert ist und die Aufzeichnungen dar\u00fcber enth\u00e4lt, wie Sie sich auf einer Website bewegen, so dass beim erneuten Aufrufen dieser Website massgeschneiderte Optionen basierend auf den gespeicherten Informationen angezeigt werden k\u00f6nnen Besuch. Cookies k\u00f6nnen auch zur Analyse des Datenverkehrs und zu Werbe- und Marketingzwecken verwendet werden.<\/li><li>Cookies werden von fast allen Websites verwendet und sch\u00e4digen Ihr System nicht.<\/li><\/ul>\n\n\n\n<p>Wenn Sie pr\u00fcfen oder \u00e4ndern m\u00f6chten, welche Arten von Cookies Sie akzeptieren, kann dies normalerweise in den Browsereinstellungen ge\u00e4ndert werden. Sie k\u00f6nnen Cookies jederzeit blockieren, indem Sie die Einstellung in Ihrem Browser aktivieren, mit der Sie die Einstellung aller oder einiger Cookies ablehnen k\u00f6nnen. Wenn Sie jedoch in Ihren Browsereinstellungen alle Cookies (einschlie\u00dflich wichtiger Cookies) blockieren, k\u00f6nnen Sie m\u00f6glicherweise nicht auf alle oder Teile unserer Website zugreifen.<\/p>\n\n\n\n<h3>Wie setzen wir Cookies ein?<\/h3>\n\n\n\n<p>Wir verwenden Cookies, um Ihre Nutzung unserer Website zu verfolgen. Auf diese Weise k\u00f6nnen wir verstehen, wie Sie die Website nutzen, und Muster nachverfolgen, wie Sie unsere Website verwenden. Dies hilft uns bei der Entwicklung und Verbesserung unserer Website sowie unserer Produkte und \/ oder Dienstleistungen, um auf Ihre Anforderungen und W\u00fcnsche einzugehen.<\/p>\n\n\n\n<h4>Cookies sind entweder:<\/h4>\n\n\n\n<ul><li>Sitzungscookies: Diese werden nur w\u00e4hrend Ihrer Websitzung auf Ihrem Computer gespeichert und beim Schliessen Ihres Browsers automatisch gel\u00f6scht. Sie speichern normalerweise eine anonyme Sitzungs-ID, mit der Sie eine Website durchsuchen k\u00f6nnen, ohne sich auf jeder Seite anmelden zu m\u00fcssen alle pers\u00f6nlichen Daten von Ihrem Computer; oder<\/li><li>Dauerhafte Cookies: Ein dauerhafter Cookie wird als Datei auf Ihrem Computer gespeichert und bleibt beim Schliessen des Webbrowsers erhalten. Das Cookie kann von der Website gelesen werden, die es erstellt hat, wenn Sie die Website erneut besuchen. Wir verwenden best\u00e4ndige Cookies f\u00fcr Google Analytics.<\/li><\/ul>\n\n\n\n<h4>Cookies k\u00f6nnen auch wie folgt kategorisiert werden:<\/h4>\n\n\n\n<ul><li>Unbedingt notwendige Cookies: Diese Cookies sind f\u00fcr die effektive Nutzung der Website, z. B. beim Kauf eines Produkts und \/ oder einer Dienstleistung, unerl\u00e4sslich und k\u00f6nnen daher nicht deaktiviert werden. Ohne diese Cookies k\u00f6nnen die auf unserer Website verf\u00fcgbaren Dienste nicht bereitgestellt werden. Diese Cookies sammeln keine Informationen \u00fcber Sie, die f\u00fcr Marketingzwecke verwendet werden k\u00f6nnten oder sich daran erinnern, wo Sie sich im Internet befunden haben.<\/li><li>Leistungscookies: Diese Cookies erm\u00f6glichen es uns, die Leistung unserer Website zu \u00fcberwachen und zu verbessern. Sie erm\u00f6glichen uns beispielsweise, Besuche zu z\u00e4hlen, Verkehrsquellen zu identifizieren und zu sehen, welche Teile der Website am beliebtesten sind.<\/li><li>Funktionscookies: Diese Cookies erm\u00f6glichen es unserer Website, die von Ihnen getroffenen Entscheidungen zu speichern und erweiterte Funktionen bereitzustellen. Zum Beispiel k\u00f6nnen wir Sie mit Neuigkeiten oder Updates zu den von Ihnen genutzten Diensten versorgen. Sie k\u00f6nnen auch verwendet werden, um von Ihnen angeforderte Dienste bereitzustellen, wie z. B. Anzeigen eines Videos oder Kommentieren eines Blogs. Die Informationen, die diese Cookies sammeln, werden normalerweise anonymisiert.<\/li><\/ul>\n\n\n\n<p><strong>Diese Datenschutzerkl\u00e4rung kann von Zeit zu Zeit aktualisiert werden.<br>Letzte Aktualisierung: M\u00e4rz 2019<\/strong><br><\/p>\n\n\n<p><!--EndFragment--><\/p>\n<p><\/p>","protected":false},"excerpt":{"rendered":"<p>Wer sind wir? CoderDojo ist eine globale Initiative von Freiwilligen die in Ihrer Umgebung kostenlose Programmier Clubs f\u00fcr Jugendliche leiten.Kinder und Jugendlichen zwischen sieben und siebzehn Jahren k\u00f6nnen lernen zu &#8230;<\/p>\n","protected":false},"author":5,"featured_media":0,"parent":0,"menu_order":9,"comment_status":"closed","ping_status":"closed","template":"","meta":[],"translation":{"provider":"WPGlobus","version":"3.0.1","language":"de","enabled_languages":["en","de"],"languages":{"en":{"title":true,"content":true,"excerpt":false},"de":{"title":true,"content":true,"excerpt":false}}},"_links":{"self":[{"href":"https:\/\/swisscoderdojo.org\/de\/wp-json\/wp\/v2\/pages\/2053"}],"collection":[{"href":"https:\/\/swisscoderdojo.org\/de\/wp-json\/wp\/v2\/pages"}],"about":[{"href":"https:\/\/swisscoderdojo.org\/de\/wp-json\/wp\/v2\/types\/page"}],"author":[{"embeddable":true,"href":"https:\/\/swisscoderdojo.org\/de\/wp-json\/wp\/v2\/users\/5"}],"replies":[{"embeddable":true,"href":"https:\/\/swisscoderdojo.org\/de\/wp-json\/wp\/v2\/comments?post=2053"}],"version-history":[{"count":7,"href":"https:\/\/swisscoderdojo.org\/de\/wp-json\/wp\/v2\/pages\/2053\/revisions"}],"predecessor-version":[{"id":2072,"href":"https:\/\/swisscoderdojo.org\/de\/wp-json\/wp\/v2\/pages\/2053\/revisions\/2072"}],"wp:attachment":[{"href":"https:\/\/swisscoderdojo.org\/de\/wp-json\/wp\/v2\/media?parent=2053"}],"curies":[{"name":"wp","href":"https:\/\/api.w.org\/{rel}","templated":true}]}}