{"id":1788,"date":"2018-03-17T20:15:40","date_gmt":"2018-03-17T20:15:40","guid":{"rendered":"http:\/\/wp.swisscoderdojo.org\/?page_id=1788"},"modified":"2022-12-04T14:13:58","modified_gmt":"2022-12-04T13:13:58","slug":"enabout","status":"publish","type":"page","link":"https:\/\/swisscoderdojo.org\/de\/enabout","title":{"rendered":"About"},"content":{"rendered":"<h3>Verein CoderDojo Zug<\/h3>\n<p><a href=\"https:\/\/swisscoderdojo.org\/de\/volunteers\">Wir<\/a> sind eine Gruppe von Technologieexperten und anderen engagierten Freiwilligen, die CoderDojo Veranstaltungen durchf\u00fchren. Weitere Informationen zum Thema finden Sie auf <a href=\"https:\/\/coderdojo.com\/\" target=\"_blank\" rel=\"noopener noreferrer\"> CoderDojo <\/a>. Bei diesen Veranstaltungen k\u00f6nnen sich Jungen und M\u00e4dchen mit Programmierung- und anderen technischen Projekten vertraut machen. Unser Ziel ist es, Kinder f\u00fcr Technik und Software Entwicklung zu begeistern.<\/p>\n<p>Um diese Veranstaltungen zu organisieren und zu unterst\u00fctzen arbeiten wir mit Unternehmen und Schulen in und um Zug zusammen.<\/p>\n<p>Unser l\u00e4ngerfristiges Ziel ist es, genug Teilnehmer und Mentoren in der Region zu finden, um einen <em>richtigen<\/em> CoderDojo in Form eines normalen Drop-in Coding Clubs zu betreiben.<\/p>\n<h3>Geschichte<\/h3>\n<p>Im Jahr 2016 helfen Mitarbeiter von Thomson Reuters, ein <a href=\"https:\/\/coderdojo.com\/news\/2016\/02\/12\/coderdojo-at-davos-the-first-world-economic-forum-dojo\/\" target=\"_blank\" rel=\"noopener noreferrer\"> CoderDojo beim Weltwirtschaftsforum 2015 in Davos <\/a> durchzuf\u00fchren.<\/p>\n<p>Im Jahr 2016 sponserte Thomson Reuters zwei CoderDojo Veranstaltungen in ihren B\u00fcros in Baar. Die Organisatoren arbeiteten eng mit der International School of Zug und Luzern (<a href=\"http:\/\/www.iszl.ch\/\" target=\"_blank\" rel=\"noopener noreferrer\">ISZL<\/a>) zusammen.<\/p>\n<p>Im Jahr 2017 fanden vier Veranstaltungen in den Thomson Reuters R\u00e4umlichkeiten in Baar statt. Zwei englischsprachige Veranstaltungen durchgef\u00fchrt gemeinsam mit der ISZL und zwei deutschsprachige Veranstaltungen mit Kindern von lokalen Schulen aus Baar und Umgebung mit Unterst\u00fctzung von Praktikanten der Kantonsschule Zug.<\/p>\n<p>Im Dezember 2017 registrierten wir im Kanton Zug den Verein <a href=\"https:\/\/zg.chregister.ch\/cr-portal\/auszug\/auszug.xhtml?uid=CHE-219.441.531\" target=\"_blank\" rel=\"noopener noreferrer\"> CoderDojo Zug<\/a>. Als Verein k\u00f6nnen wir lokale Sponsoren von im Zug ans\u00e4ssigen Unternehmen und Mentoren und Helfer aus der Region gewinnen.<\/p>\n<p>Im Jahr 2018 organisierten wir zwei Veranstaltungen in den R\u00e4umlichkeiten von Thomson Reuters in Baar. Im Fr\u00fchjahr f\u00fchrten wir eine englischsprachige Veranstaltung zusammen mit der ISZL durch und im Juni ein deutschsprachiges Dojo mit Kindern aus der Region.<\/p>\n<p>Im Jahr 2019 verlegte Thomson Reuters seine B\u00fcros nach Zug und stellte uns die neuen R\u00e4umlichkeiten f\u00fcr ein weiteres Dojo zur Verf\u00fcgung. Neben dem \u00fcblichen LEGO Robotics und Thirsty Plant Kit haben wir auch einen MicroBot-Track f\u00fcr \u00e4ltere Kinder angeboten. Die Kinder k\u00f6nnen einen Microbot bauen und programmieren und ihren Roboter mit nach Hause nehmen k\u00f6nnen.<\/p>\n<p>Aufgrund der Coronavirus-Pandemie von 2020 konnten wir keine Dojos von Angesicht zu Angesicht halten. Stattdessen organisierten wir w\u00e4hrend der Fr\u00fchlingsferien eine zweiw\u00f6chige Herausforderung in Englisch und Deutsch. Kinder konnten sich anmelden, um zu lernen, wie man mit Sonic Pi Musik schreibt, oder mit Java einen Robotertank programmiert. Am Ende fand ein Wettbewerb statt, bei dem die besten Songs f\u00fcr das SonicPi Projekt bewertet wurden; f\u00fcr das Robocode Projekt bewerteten wir Roboter in <em>einer-gegen-einer<\/em> Auseinandersetzung und in einer <em>alle-gegen-alle<\/em> Battle Royale.<\/p>\n<p>Im Oktober 2022 haben auf der Jahreshauptversammlung drei Mitglieder des Vereins: Peter Pircher, Si\u00e2n Parry-Sedgwick und Mark Hummel, ihre Mitgliedschaft mit Wirkung zum 31. Dezember 2022 zur\u00fccktreten. Zwei neue Mitglieder, Jelena Laketi\u0107 und Ilona Grzegorska, sind dem Verein beigetreten. Zusammen mit Andr\u00e9 Lambrechts wurden sie mit sofortiger Wirkung f\u00fcr die n\u00e4chsten zwei Jahre in den Vorstand gew\u00e4hlt. Der Vorstand w\u00e4hlte Jelena Laketi\u0107 zur neuen Pr\u00e4sidentin. Sie \u00fcbernahm die Rolle des bisherigen Pr\u00e4sidenten Peter Pircher.<\/p>\n<p>Im November 2022 setzte der CoderDojo Zug Verein seine Aktivit\u00e4ten fort. Wir haben das erste pers\u00f6nliche CoderDojo seit der Pandemie in den B\u00fcros von Thomson Reuters in Zug im Rahmen des Nationaler Zukunftstags der Schweiz organisiert. Lesen Sie mehr <a href=\"https:\/\/swisscoderdojo.org\/coderdojo-swiss-national-future-day-zukunftstag\">hier.<\/a><\/p>\n","protected":false},"excerpt":{"rendered":"<p>Verein CoderDojo Zug Wir sind eine Gruppe von Technologieexperten und anderen engagierten Freiwilligen, die CoderDojo Veranstaltungen durchf\u00fchren. Weitere Informationen zum Thema finden Sie auf CoderDojo . Bei diesen Veranstaltungen k\u00f6nnen &#8230;<\/p>\n","protected":false},"author":1,"featured_media":0,"parent":0,"menu_order":6,"comment_status":"closed","ping_status":"closed","template":"","meta":[],"translation":{"provider":"WPGlobus","version":"3.0.1","language":"de","enabled_languages":["en","de"],"languages":{"en":{"title":true,"content":true,"excerpt":false},"de":{"title":false,"content":true,"excerpt":false}}},"_links":{"self":[{"href":"https:\/\/swisscoderdojo.org\/de\/wp-json\/wp\/v2\/pages\/1788"}],"collection":[{"href":"https:\/\/swisscoderdojo.org\/de\/wp-json\/wp\/v2\/pages"}],"about":[{"href":"https:\/\/swisscoderdojo.org\/de\/wp-json\/wp\/v2\/types\/page"}],"author":[{"embeddable":true,"href":"https:\/\/swisscoderdojo.org\/de\/wp-json\/wp\/v2\/users\/1"}],"replies":[{"embeddable":true,"href":"https:\/\/swisscoderdojo.org\/de\/wp-json\/wp\/v2\/comments?post=1788"}],"version-history":[{"count":32,"href":"https:\/\/swisscoderdojo.org\/de\/wp-json\/wp\/v2\/pages\/1788\/revisions"}],"predecessor-version":[{"id":6368,"href":"https:\/\/swisscoderdojo.org\/de\/wp-json\/wp\/v2\/pages\/1788\/revisions\/6368"}],"wp:attachment":[{"href":"https:\/\/swisscoderdojo.org\/de\/wp-json\/wp\/v2\/media?parent=1788"}],"curies":[{"name":"wp","href":"https:\/\/api.w.org\/{rel}","templated":true}]}}