{"id":1639,"date":"2017-10-26T09:06:31","date_gmt":"2017-10-26T09:06:31","guid":{"rendered":"http:\/\/wp.swisscoderdojo.org\/?page_id=1639"},"modified":"2022-12-04T16:59:00","modified_gmt":"2022-12-04T15:59:00","slug":"volunteers","status":"publish","type":"page","link":"https:\/\/swisscoderdojo.org\/de\/volunteers","title":{"rendered":"Freiwillige"},"content":{"rendered":"<p>Verein CoderDojo Zug wird von einem Vorstand mit (derzeit) drei Mitgliedern geleitet. Sie sind Freiwillige und Organisatoren der CoderDojo Veranstaltungen. Der Vorstand konstituiert sich selbst: Gew\u00e4hlte Mitglieder verteilen die Rollen im Anschluss an die Jahreshauptversammlung untereinander.<\/p>\n<h4>Jelena Laketi\u0107<\/h4>\n<p>Jelena ist Pr\u00e4sident des Verein CoderDojo Zug. Sie ist eine kreative Probleml\u00f6serin und strategische Technologin mit \u00fcber 20 Jahren Erfahrung. Jelena begeistert sich f\u00fcr die Welt der Technologie, ihre M\u00f6glichkeiten und ihre Auswirkungen. Sie setzt sich daf\u00fcr ein, Technologie einzusetzen, um junge K\u00f6pfe zu bef\u00e4higen, ihr Potenzial auszusch\u00f6pfen und eine ausgeglichene, vielf\u00e4ltige Welt zu schaffen.<\/p>\n<h4>Andre Lambrechts<\/h4>\n<p>Andre ist Vorstandsmitglied des Verein CoderDojo Zug. Andre ist ein selbsternannter Geek und arbeitet seit \u00fcber 19 Jahren in der Technologiebranche.<\/p>\n<h4>Ilona Grzegorska<\/h4>\n<p>Ilona ist Vorstandsmitglied des Verein CoderDojo Zug.<\/p>\n<h6><strong>Wenn Sie sich bei uns engagieren m\u00f6chten als Freiwillige, <a href=\"https:\/\/swisscoderdojo.org\/de\/contact-us\">bitte kontaktieren Sie uns<\/a>.<\/strong><\/h6>\n","protected":false},"excerpt":{"rendered":"<p>Verein CoderDojo Zug wird von einem Vorstand mit (derzeit) drei Mitgliedern geleitet. Sie sind Freiwillige und Organisatoren der CoderDojo Veranstaltungen. Der Vorstand konstituiert sich selbst: Gew\u00e4hlte Mitglieder verteilen die Rollen &#8230;<\/p>\n","protected":false},"author":1,"featured_media":0,"parent":0,"menu_order":4,"comment_status":"closed","ping_status":"closed","template":"","meta":[],"translation":{"provider":"WPGlobus","version":"3.0.1","language":"de","enabled_languages":["en","de"],"languages":{"en":{"title":true,"content":true,"excerpt":false},"de":{"title":true,"content":true,"excerpt":false}}},"_links":{"self":[{"href":"https:\/\/swisscoderdojo.org\/de\/wp-json\/wp\/v2\/pages\/1639"}],"collection":[{"href":"https:\/\/swisscoderdojo.org\/de\/wp-json\/wp\/v2\/pages"}],"about":[{"href":"https:\/\/swisscoderdojo.org\/de\/wp-json\/wp\/v2\/types\/page"}],"author":[{"embeddable":true,"href":"https:\/\/swisscoderdojo.org\/de\/wp-json\/wp\/v2\/users\/1"}],"replies":[{"embeddable":true,"href":"https:\/\/swisscoderdojo.org\/de\/wp-json\/wp\/v2\/comments?post=1639"}],"version-history":[{"count":33,"href":"https:\/\/swisscoderdojo.org\/de\/wp-json\/wp\/v2\/pages\/1639\/revisions"}],"predecessor-version":[{"id":6409,"href":"https:\/\/swisscoderdojo.org\/de\/wp-json\/wp\/v2\/pages\/1639\/revisions\/6409"}],"wp:attachment":[{"href":"https:\/\/swisscoderdojo.org\/de\/wp-json\/wp\/v2\/media?parent=1639"}],"curies":[{"name":"wp","href":"https:\/\/api.w.org\/{rel}","templated":true}]}}