{"id":1587,"date":"2017-10-26T07:35:59","date_gmt":"2017-10-26T07:35:59","guid":{"rendered":"http:\/\/wp.swisscoderdojo.org\/?page_id=1587"},"modified":"2020-04-10T14:28:10","modified_gmt":"2020-04-10T14:28:10","slug":"sponsors","status":"publish","type":"page","link":"https:\/\/swisscoderdojo.org\/de\/sponsors","title":{"rendered":"Sponsoren"},"content":{"rendered":"<p>Wir k\u00f6nnten unsere Ziele nicht ohne Hilfe unserer Sponsoren erf\u00fcllen. Bitte treten Sie mit uns in Verbindung falls Sie oder Ihre Firma unseren Verein oder eine Veranstaltung unterst\u00fctzen m\u00f6chten!<\/p>\n<h3>Thomson Reuters<\/h3>\n<p><img loading=\"lazy\" class=\"alignnone size-medium wp-image-1855\" src=\"http:\/\/swisscoderdojo.org\/wp-content\/uploads\/2018\/04\/logo_thomson_reuters-300x106-300x106.png\" alt=\"\" width=\"300\" height=\"106\" \/><br \/>\n<span class=\"st\"><em>Thomson Reuters<\/em> bietet Fachleuten die Intelligenz, Technologie und menschliche Expertise, die sie ben\u00f6tigen, um vertrauensw\u00fcrdige Antworten zu finden.<\/span><br \/>\nAls Unternehmen f\u00f6rdert Thomson Reuters die Entwicklung von Technologie Talenten vom Grunde auf. Insbesonderes setzt sich Thomson Reuters f\u00fcr die F\u00f6rderung von Frauen in Technologie ein.<br \/>\nThomson Reuters ist seit 2015 unser Hauptsponsor von CoderDojo Veranstaltungen.<\/p>\n<h3>International School of Zug and Luzern<\/h3>\n<p><img loading=\"lazy\" class=\"alignnone size-medium wp-image-1857\" src=\"http:\/\/swisscoderdojo.org\/wp-content\/uploads\/2018\/04\/ISZL-logo-300x150-300x150.jpg\" alt=\"\" width=\"300\" height=\"150\" \/><\/p>\n<p>Wir arbeiten seit 3 \u200b\u200bJahren mit ISZL zusammen. ISZL unterst\u00fctzt uns bei der Durchf\u00fchrung unserer CoderDojo Veranstaltungen. Die Schule hat uns nicht nur Ausr\u00fcstung zur Verf\u00fcgung gestellt, sondern Lehrer der Schule haben als Mentoren w\u00e4hrend der Veranstaltungen geholfen.<\/p>\n<h3>ConsenSys<\/h3>\n<p><img loading=\"lazy\" class=\"alignnone size-medium wp-image-2028\" src=\"http:\/\/swisscoderdojo.org\/wp-content\/uploads\/2018\/07\/Consensys_logo_blue_horizontal_cropped-300x97.png\" alt=\"\" width=\"300\" height=\"97\" srcset=\"https:\/\/swisscoderdojo.org\/wp-content\/uploads\/2018\/07\/Consensys_logo_blue_horizontal_cropped-300x97.png 300w, https:\/\/swisscoderdojo.org\/wp-content\/uploads\/2018\/07\/Consensys_logo_blue_horizontal_cropped.png 480w\" sizes=\"(max-width: 300px) 100vw, 300px\" \/><\/p>\n<p>ConsenSys ist eine globale Gruppe von Technologen und Unternehmern, die die Infrastruktur, Anwendungen und Praktiken aufbauen, die eine dezentralisierte Welt erm\u00f6glichen.<\/p>\n<p>Mit dem Sponsoring unseres Vereins zeigt ConsenSys ihr Engagement f\u00fcr die lokale Gemeinschaft.<\/p>\n","protected":false},"excerpt":{"rendered":"<p>Wir k\u00f6nnten unsere Ziele nicht ohne Hilfe unserer Sponsoren erf\u00fcllen. Bitte treten Sie mit uns in Verbindung falls Sie oder Ihre Firma unseren Verein oder eine Veranstaltung unterst\u00fctzen m\u00f6chten! Thomson &#8230;<\/p>\n","protected":false},"author":1,"featured_media":0,"parent":0,"menu_order":5,"comment_status":"closed","ping_status":"closed","template":"","meta":[],"translation":{"provider":"WPGlobus","version":"3.0.1","language":"de","enabled_languages":["en","de"],"languages":{"en":{"title":true,"content":true,"excerpt":false},"de":{"title":true,"content":true,"excerpt":false}}},"_links":{"self":[{"href":"https:\/\/swisscoderdojo.org\/de\/wp-json\/wp\/v2\/pages\/1587"}],"collection":[{"href":"https:\/\/swisscoderdojo.org\/de\/wp-json\/wp\/v2\/pages"}],"about":[{"href":"https:\/\/swisscoderdojo.org\/de\/wp-json\/wp\/v2\/types\/page"}],"author":[{"embeddable":true,"href":"https:\/\/swisscoderdojo.org\/de\/wp-json\/wp\/v2\/users\/1"}],"replies":[{"embeddable":true,"href":"https:\/\/swisscoderdojo.org\/de\/wp-json\/wp\/v2\/comments?post=1587"}],"version-history":[{"count":9,"href":"https:\/\/swisscoderdojo.org\/de\/wp-json\/wp\/v2\/pages\/1587\/revisions"}],"predecessor-version":[{"id":2270,"href":"https:\/\/swisscoderdojo.org\/de\/wp-json\/wp\/v2\/pages\/1587\/revisions\/2270"}],"wp:attachment":[{"href":"https:\/\/swisscoderdojo.org\/de\/wp-json\/wp\/v2\/media?parent=1587"}],"curies":[{"name":"wp","href":"https:\/\/api.w.org\/{rel}","templated":true}]}}